{"id":13,"date":"2024-02-06T17:02:10","date_gmt":"2024-02-06T17:02:10","guid":{"rendered":"https:\/\/acfpalencia.com\/?page_id=13"},"modified":"2024-10-20T09:26:18","modified_gmt":"2024-10-20T09:26:18","slug":"inicio","status":"publish","type":"page","link":"https:\/\/acfpalencia.com\/en\/","title":{"rendered":"Inicio"},"content":{"rendered":"<div data-elementor-type=\"wp-page\" data-elementor-id=\"13\" class=\"elementor elementor-13\" data-elementor-post-type=\"page\">\n\t\t\t\t<div class=\"elementor-element elementor-element-b023dca e-flex e-con-boxed e-con e-parent\" data-id=\"b023dca\" data-element_type=\"container\" data-settings=\"{&quot;background_background&quot;:&quot;classic&quot;}\">\n\t\t\t\t\t<div class=\"e-con-inner\">\n\t\t<div class=\"elementor-element elementor-element-f4c4711 e-flex e-con-boxed e-con e-child\" data-id=\"f4c4711\" data-element_type=\"container\">\n\t\t\t\t\t<div class=\"e-con-inner\">\n\t\t\t\t<div class=\"elementor-element elementor-element-b9424f5 elementor-widget elementor-widget-image-box\" data-id=\"b9424f5\" data-element_type=\"widget\" data-widget_type=\"image-box.default\">\n\t\t\t\t<div class=\"elementor-widget-container\">\n\t\t\t\t\t<div class=\"elementor-image-box-wrapper\"><div class=\"elementor-image-box-content\"><h1 class=\"elementor-image-box-title\">Workshop <br>Ferral and Forged<\/h1><p class=\"elementor-image-box-description\">Fabricaci\u00f3n de vigueta, nervio in situ, <br>prelosas, bovedilla y mallazo.<br>C\u00e1lculo de estructuras.<\/p><\/div><\/div>\t\t\t\t<\/div>\n\t\t\t\t<\/div>\n\t\t\t\t\t<\/div>\n\t\t\t\t<\/div>\n\t\t\t\t\t<\/div>\n\t\t\t\t<\/div>\n\t\t<div class=\"elementor-element elementor-element-9e8606f e-flex e-con-boxed e-con e-parent\" data-id=\"9e8606f\" data-element_type=\"container\" data-settings=\"{&quot;background_background&quot;:&quot;classic&quot;}\">\n\t\t\t\t\t<div class=\"e-con-inner\">\n\t\t<div class=\"elementor-element elementor-element-289f1a0 e-con-full e-flex e-con e-child\" data-id=\"289f1a0\" data-element_type=\"container\">\n\t\t\t\t<div class=\"elementor-element elementor-element-b58a640 elementor-widget elementor-widget-heading\" data-id=\"b58a640\" data-element_type=\"widget\" data-widget_type=\"heading.default\">\n\t\t\t\t<div class=\"elementor-widget-container\">\n\t\t\t\t\t<h2 class=\"elementor-heading-title elementor-size-default\">ACF Palencia<\/h2>\t\t\t\t<\/div>\n\t\t\t\t<\/div>\n\t\t\t\t<div class=\"elementor-element elementor-element-41b2af9 elementor-widget elementor-widget-heading\" data-id=\"41b2af9\" data-element_type=\"widget\" data-widget_type=\"heading.default\">\n\t\t\t\t<div class=\"elementor-widget-container\">\n\t\t\t\t\t<h3 class=\"elementor-heading-title elementor-size-default\">Especialistas en Ferralla <\/br>y Forjados en Palencia<\/h3>\t\t\t\t<\/div>\n\t\t\t\t<\/div>\n\t\t\t\t<\/div>\n\t\t<div class=\"elementor-element elementor-element-646fcdd e-con-full e-flex e-con e-child\" data-id=\"646fcdd\" data-element_type=\"container\">\n\t\t\t\t<div class=\"elementor-element elementor-element-1eb42d3 elementor-widget elementor-widget-text-editor\" data-id=\"1eb42d3\" data-element_type=\"widget\" data-widget_type=\"text-editor.default\">\n\t\t\t\t<div class=\"elementor-widget-container\">\n\t\t\t\t\t\t\t\t\t<p>En <strong>ACF Palencia<\/strong>, somos l\u00edderes en la <strong>fabricaci\u00f3n de ferralla y forjados<\/strong> para la construcci\u00f3n. Ofrecemos soluciones estructurales a medida, garantizando calidad y precisi\u00f3n en cada proyecto. Nos especializamos en la <strong>fabricaci\u00f3n de vigueta<\/strong>, nervios \u00abin situ\u00bb, prelosas y bovedilla. Con un enfoque integral, tambi\u00e9n realizamos el <strong>c\u00e1lculo de estructuras<\/strong> para cimentaciones, muros de contenci\u00f3n y naves industriales, tanto en <strong>Palencia<\/strong> como en provincias cercanas.<\/p><p>Nuestro equipo de expertos en <strong>forjados en Palencia<\/strong> est\u00e1 preparado para desarrollar proyectos de cualquier envergadura, utilizando los materiales m\u00e1s eficientes y las mejores t\u00e9cnicas del mercado. ACF Palencia es sin\u00f3nimo de confianza y compromiso con la excelencia en la <strong>fabricaci\u00f3n de ferralla<\/strong>.<\/p>\t\t\t\t\t\t\t\t<\/div>\n\t\t\t\t<\/div>\n\t\t\t\t<\/div>\n\t\t\t\t\t<\/div>\n\t\t\t\t<\/div>\n\t\t\t\t<\/div>","protected":false},"excerpt":{"rendered":"<p>Taller de Ferralla y Forjados Fabricaci\u00f3n de vigueta, nervio in situ, prelosas, bovedilla y mallazo.C\u00e1lculo de estructuras. ACF Palencia Especialistas en Ferralla y Forjados en Palencia En ACF Palencia, somos l\u00edderes en la fabricaci\u00f3n de ferralla y forjados para la construcci\u00f3n. Ofrecemos soluciones estructurales a medida, garantizando calidad y precisi\u00f3n en cada proyecto. Nos especializamos [&hellip;]<\/p>","protected":false},"author":1,"featured_media":0,"parent":0,"menu_order":0,"comment_status":"closed","ping_status":"closed","template":"","meta":{"footnotes":""},"class_list":["post-13","page","type-page","status-publish","hentry"],"yoast_head":"<!-- This site is optimized with the Yoast SEO plugin v24.4 - https:\/\/yoast.com\/wordpress\/plugins\/seo\/ -->\n<title>ACF Palencia - Expertos en Ferralla y Forjados en Palencia<\/title>\n<meta name=\"description\" content=\"En ACF Palencia nos especializamos en estructuras de ferralla, forjados y prefabricados de alta calidad para construcci\u00f3n en Palencia.\" \/>\n<meta name=\"robots\" content=\"index, follow, max-snippet:-1, max-image-preview:large, max-video-preview:-1\" \/>\n<link rel=\"canonical\" href=\"https:\/\/acfpalencia.com\/en\/\" \/>\n<meta property=\"og:locale\" content=\"en_GB\" \/>\n<meta property=\"og:type\" content=\"article\" \/>\n<meta property=\"og:title\" content=\"ACF Palencia - Expertos en Ferralla y Forjados en Palencia\" \/>\n<meta property=\"og:description\" content=\"En ACF Palencia nos especializamos en estructuras de ferralla, forjados y prefabricados de alta calidad para construcci\u00f3n en Palencia.\" \/>\n<meta property=\"og:url\" content=\"https:\/\/acfpalencia.com\/en\/\" \/>\n<meta property=\"og:site_name\" content=\"ACF Palencia\" \/>\n<meta property=\"article:modified_time\" content=\"2024-10-20T09:26:18+00:00\" \/>\n<meta name=\"twitter:card\" content=\"summary_large_image\" \/>\n<meta name=\"twitter:label1\" content=\"Estimated reading time\" \/>\n\t<meta name=\"twitter:data1\" content=\"1 minute\" \/>\n<script type=\"application\/ld+json\" class=\"yoast-schema-graph\">{\"@context\":\"https:\/\/schema.org\",\"@graph\":[{\"@type\":\"WebPage\",\"@id\":\"https:\/\/acfpalencia.com\/\",\"url\":\"https:\/\/acfpalencia.com\/\",\"name\":\"ACF Palencia - Expertos en Ferralla y Forjados en Palencia\",\"isPartOf\":{\"@id\":\"https:\/\/acfpalencia.com\/#website\"},\"datePublished\":\"2024-02-06T17:02:10+00:00\",\"dateModified\":\"2024-10-20T09:26:18+00:00\",\"description\":\"En ACF Palencia nos especializamos en estructuras de ferralla, forjados y prefabricados de alta calidad para construcci\u00f3n en Palencia.\",\"breadcrumb\":{\"@id\":\"https:\/\/acfpalencia.com\/#breadcrumb\"},\"inLanguage\":\"en-GB\",\"potentialAction\":[{\"@type\":\"ReadAction\",\"target\":[\"https:\/\/acfpalencia.com\/\"]}]},{\"@type\":\"BreadcrumbList\",\"@id\":\"https:\/\/acfpalencia.com\/#breadcrumb\",\"itemListElement\":[{\"@type\":\"ListItem\",\"position\":1,\"name\":\"Portada\",\"item\":\"https:\/\/acfpalencia.com\/\"},{\"@type\":\"ListItem\",\"position\":2,\"name\":\"Inicio\"}]},{\"@type\":\"WebSite\",\"@id\":\"https:\/\/acfpalencia.com\/#website\",\"url\":\"https:\/\/acfpalencia.com\/\",\"name\":\"ACF Palencia\",\"description\":\"Forjados y Ferrallas\",\"publisher\":{\"@id\":\"https:\/\/acfpalencia.com\/#organization\"},\"potentialAction\":[{\"@type\":\"SearchAction\",\"target\":{\"@type\":\"EntryPoint\",\"urlTemplate\":\"https:\/\/acfpalencia.com\/?s={search_term_string}\"},\"query-input\":{\"@type\":\"PropertyValueSpecification\",\"valueRequired\":true,\"valueName\":\"search_term_string\"}}],\"inLanguage\":\"en-GB\"},{\"@type\":\"Organization\",\"@id\":\"https:\/\/acfpalencia.com\/#organization\",\"name\":\"ACF Palencia\",\"url\":\"https:\/\/acfpalencia.com\/\",\"logo\":{\"@type\":\"ImageObject\",\"inLanguage\":\"en-GB\",\"@id\":\"https:\/\/acfpalencia.com\/#\/schema\/logo\/image\/\",\"url\":\"https:\/\/acfpalencia.com\/wp-content\/uploads\/2024\/02\/cropped-logotipo.png\",\"contentUrl\":\"https:\/\/acfpalencia.com\/wp-content\/uploads\/2024\/02\/cropped-logotipo.png\",\"width\":781,\"height\":469,\"caption\":\"ACF Palencia\"},\"image\":{\"@id\":\"https:\/\/acfpalencia.com\/#\/schema\/logo\/image\/\"}}]}<\/script>\n<!-- \/ Yoast SEO plugin. -->","yoast_head_json":{"title":"ACF Palencia - Expertos en Ferralla y Forjados en Palencia","description":"En ACF Palencia nos especializamos en estructuras de ferralla, forjados y prefabricados de alta calidad para construcci\u00f3n en Palencia.","robots":{"index":"index","follow":"follow","max-snippet":"max-snippet:-1","max-image-preview":"max-image-preview:large","max-video-preview":"max-video-preview:-1"},"canonical":"https:\/\/acfpalencia.com\/en\/","og_locale":"en_GB","og_type":"article","og_title":"ACF Palencia - Expertos en Ferralla y Forjados en Palencia","og_description":"En ACF Palencia nos especializamos en estructuras de ferralla, forjados y prefabricados de alta calidad para construcci\u00f3n en Palencia.","og_url":"https:\/\/acfpalencia.com\/en\/","og_site_name":"ACF Palencia","article_modified_time":"2024-10-20T09:26:18+00:00","twitter_card":"summary_large_image","twitter_misc":{"Estimated reading time":"1 minute"},"schema":{"@context":"https:\/\/schema.org","@graph":[{"@type":"WebPage","@id":"https:\/\/acfpalencia.com\/","url":"https:\/\/acfpalencia.com\/","name":"ACF Palencia - Expertos en Ferralla y Forjados en Palencia","isPartOf":{"@id":"https:\/\/acfpalencia.com\/#website"},"datePublished":"2024-02-06T17:02:10+00:00","dateModified":"2024-10-20T09:26:18+00:00","description":"En ACF Palencia nos especializamos en estructuras de ferralla, forjados y prefabricados de alta calidad para construcci\u00f3n en Palencia.","breadcrumb":{"@id":"https:\/\/acfpalencia.com\/#breadcrumb"},"inLanguage":"en-GB","potentialAction":[{"@type":"ReadAction","target":["https:\/\/acfpalencia.com\/"]}]},{"@type":"BreadcrumbList","@id":"https:\/\/acfpalencia.com\/#breadcrumb","itemListElement":[{"@type":"ListItem","position":1,"name":"Portada","item":"https:\/\/acfpalencia.com\/"},{"@type":"ListItem","position":2,"name":"Inicio"}]},{"@type":"WebSite","@id":"https:\/\/acfpalencia.com\/#website","url":"https:\/\/acfpalencia.com\/","name":"ACF Palencia","description":"Forjados y Ferrallas","publisher":{"@id":"https:\/\/acfpalencia.com\/#organization"},"potentialAction":[{"@type":"SearchAction","target":{"@type":"EntryPoint","urlTemplate":"https:\/\/acfpalencia.com\/?s={search_term_string}"},"query-input":{"@type":"PropertyValueSpecification","valueRequired":true,"valueName":"search_term_string"}}],"inLanguage":"en-GB"},{"@type":"Organization","@id":"https:\/\/acfpalencia.com\/#organization","name":"ACF Palencia","url":"https:\/\/acfpalencia.com\/","logo":{"@type":"ImageObject","inLanguage":"en-GB","@id":"https:\/\/acfpalencia.com\/#\/schema\/logo\/image\/","url":"https:\/\/acfpalencia.com\/wp-content\/uploads\/2024\/02\/cropped-logotipo.png","contentUrl":"https:\/\/acfpalencia.com\/wp-content\/uploads\/2024\/02\/cropped-logotipo.png","width":781,"height":469,"caption":"ACF Palencia"},"image":{"@id":"https:\/\/acfpalencia.com\/#\/schema\/logo\/image\/"}}]}},"_links":{"self":[{"href":"https:\/\/acfpalencia.com\/en\/wp-json\/wp\/v2\/pages\/13","targetHints":{"allow":["GET"]}}],"collection":[{"href":"https:\/\/acfpalencia.com\/en\/wp-json\/wp\/v2\/pages"}],"about":[{"href":"https:\/\/acfpalencia.com\/en\/wp-json\/wp\/v2\/types\/page"}],"author":[{"embeddable":true,"href":"https:\/\/acfpalencia.com\/en\/wp-json\/wp\/v2\/users\/1"}],"replies":[{"embeddable":true,"href":"https:\/\/acfpalencia.com\/en\/wp-json\/wp\/v2\/comments?post=13"}],"version-history":[{"count":21,"href":"https:\/\/acfpalencia.com\/en\/wp-json\/wp\/v2\/pages\/13\/revisions"}],"predecessor-version":[{"id":533,"href":"https:\/\/acfpalencia.com\/en\/wp-json\/wp\/v2\/pages\/13\/revisions\/533"}],"wp:attachment":[{"href":"https:\/\/acfpalencia.com\/en\/wp-json\/wp\/v2\/media?parent=13"}],"curies":[{"name":"wp","href":"https:\/\/api.w.org\/{rel}","templated":true}]}}